{"id":838,"date":"2024-11-24T16:46:56","date_gmt":"2024-11-24T16:46:56","guid":{"rendered":"https:\/\/didimcicekcisi.com\/?page_id=838"},"modified":"2024-12-15T18:22:11","modified_gmt":"2024-12-15T18:22:11","slug":"blog-yazilari","status":"publish","type":"page","link":"https:\/\/didimcicekcisi.com\/en\/blog-yazilari\/","title":{"rendered":"Blog Yaz\u0131lar\u0131"},"content":{"rendered":"<section class=\"u-align-center u-clearfix u-container-align-center u-grey-5 u-section-2\" id=\"carousel_3456\">\n      <div class=\"u-clearfix u-sheet u-sheet-1\">\n        <div class=\"u-align-center-lg u-align-center-md u-align-center-sm u-align-center-xl u-container-style u-expanded-width-xs u-group u-shape-rectangle u-group-1\">\n          <div class=\"u-container-layout u-valign-top-lg u-valign-top-md u-valign-top-sm u-valign-top-xl u-container-layout-1\">\n            <h2 class=\"u-align-center-xs u-custom-font u-font-lobster u-text u-text-1\">Son Yaz\u0131lar<\/h2>\n          <\/div>\n        <\/div>\n        <div class=\"u-blog u-expanded-width u-layout-grid u-blog-1\" data-items-per-page=\"3\" data-max-items=\"6\">\n          <div class=\"u-list-control\"><\/div>\n          <div class=\"u-repeater u-repeater-1\">\n            <div class=\"u-align-left u-blog-post u-container-align-center-lg u-container-align-center-md u-container-align-center-sm u-container-align-center-xl u-container-align-left u-repeater-item u-video-cover u-white\">\n              <div class=\"u-container-layout u-similar-container u-container-layout-2\"><a class=\"u-blog-control u-expanded-width u-image u-image-default u-image-1\" href=\"https:\/\/didimcicekcisi.com\/en\/yilbasi-cicegi-kokina\/\">\n                <img decoding=\"async\" alt=\"\" class=\"u-blog-control u-expanded-width u-image u-image-default u-image-1\" src=\"https:\/\/didimcicekcisi.com\/wp-content\/uploads\/2024\/12\/kokina.webp\"><\/a>\n                <h3 class=\"u-blog-control u-custom-font u-font-pt-sans u-text u-text-2\">\n                  <a class=\"u-post-header-link\" href=\"https:\/\/didimcicekcisi.com\/en\/yilbasi-cicegi-kokina\/\">Y\u0131lba\u015f\u0131 \u00c7i\u00e7e\u011fi Kokina: E\u015fsiz ve Festif Bir Yeni Y\u0131l Hediyesi<\/a>\n                <\/h3>\n              <\/div>\n            <\/div>\n            <div class=\"u-align-left u-blog-post u-container-align-left u-repeater-item u-video-cover u-white u-repeater-item-2\">\n              <div class=\"u-container-layout u-similar-container u-container-layout-3\"><a class=\"u-blog-control u-expanded-width u-image u-image-default u-image-2\" href=\"https:\/\/didimcicekcisi.com\/en\/ogretmenler-gunu\/\">\n                <img decoding=\"async\" alt=\"\" class=\"u-blog-control u-expanded-width u-image u-image-default u-image-2\" src=\"https:\/\/didimcicekcisi.com\/wp-content\/uploads\/2024\/11\/Ogretmenler-Gunu-Icin-Mukemmel-Cicekleri-Secmek.webp\"><\/a>\n                <h3 class=\"u-blog-control u-custom-font u-font-pt-sans u-text u-text-default u-text-3\">\n                  <a class=\"u-post-header-link\" href=\"https:\/\/didimcicekcisi.com\/en\/ogretmenler-gunu\/\">\u00d6\u011fretmenler G\u00fcn\u00fc \u0130\u00e7in M\u00fckemmel \u00c7i\u00e7ekleri Se\u00e7mek<\/a>\n                <\/h3>\n              <\/div>\n            <\/div>\n            <div class=\"u-align-left u-blog-post u-container-align-left u-repeater-item u-video-cover u-white u-repeater-item-3\">\n              <div class=\"u-container-layout u-similar-container u-container-layout-4\"><a class=\"u-blog-control u-expanded-width u-image u-image-default u-image-3\" href=\"https:\/\/didimcicekcisi.com\/en\/cicek-almanin-mutlulugu-nedir\/\">\n                <img decoding=\"async\" alt=\"\" class=\"u-blog-control u-expanded-width u-image u-image-default u-image-3\" src=\"https:\/\/didimcicekcisi.com\/wp-content\/uploads\/2024\/11\/Cicek-Almanin-Mutlulugu-Nedir.webp\"><\/a>\n                <h3 class=\"u-blog-control u-custom-font u-font-pt-sans u-text u-text-default u-text-4\">\n                  <a class=\"u-post-header-link\" href=\"https:\/\/didimcicekcisi.com\/en\/cicek-almanin-mutlulugu-nedir\/\">\u00c7i\u00e7ek Alman\u0131n Mutlulu\u011fu Nedir?<\/a>\n                <\/h3>\n              <\/div>\n            <\/div>\n            <div class=\"u-align-left u-blog-post u-container-align-center-lg u-container-align-center-md u-container-align-center-sm u-container-align-center-xl u-container-align-left u-repeater-item u-video-cover u-white u-repeater-item-4\">\n              <div class=\"u-container-layout u-similar-container u-container-layout-5\"><a class=\"u-blog-control u-expanded-width u-image u-image-default u-image-4\" href=\"https:\/\/didimcicekcisi.com\/en\/ozel-gunler-icin-cicek-secimi-dogru-mesaji-veren-renkler-ve-anlamlar-2\/\">\n                <img decoding=\"async\" alt=\"\" class=\"u-blog-control u-expanded-width u-image u-image-default u-image-4\" src=\"https:\/\/didimcicekcisi.com\/wp-content\/uploads\/2024\/09\/wedding-bouquet-winter-day_627829-12232-1.jpg\" style=\"background-image: url(&quot;https:\/\/didimcicekcisi.com\/wp-content\/uploads\/2024\/09\/wedding-bouquet-winter-day_627829-12232-1.jpg&quot;);\"><\/a>\n                <h3 class=\"u-blog-control u-custom-font u-font-pt-sans u-text u-text-default u-text-5\">\n                  <a class=\"u-post-header-link\" href=\"https:\/\/didimcicekcisi.com\/en\/ozel-gunler-icin-cicek-secimi-dogru-mesaji-veren-renkler-ve-anlamlar-2\/\">\u00d6zel G\u00fcnler \u0130\u00e7in \u00c7i\u00e7ek Se\u00e7imi: Do\u011fru Mesaj\u0131 Verin<\/a>\n                <\/h3>\n              <\/div>\n            <\/div>\n            <div class=\"u-align-left u-blog-post u-container-align-left u-repeater-item u-video-cover u-white u-repeater-item-5\">\n              <div class=\"u-container-layout u-similar-container u-container-layout-6\"><a class=\"u-blog-control u-expanded-width u-image u-image-default u-image-5\" href=\"https:\/\/didimcicekcisi.com\/en\/ciceklerin-anlamlari-doganin-duygusal-dili-2\/\">\n                <img decoding=\"async\" alt=\"\" class=\"u-blog-control u-expanded-width u-image u-image-default u-image-5\" src=\"https:\/\/didimcicekcisi.com\/wp-content\/uploads\/2024\/09\/vertical-shot-bouquet-made-pink-white-beautiful-flowers_181624-15886-1.jpg\" style=\"background-image: url(&quot;https:\/\/didimcicekcisi.com\/wp-content\/uploads\/2024\/09\/vertical-shot-bouquet-made-pink-white-beautiful-flowers_181624-15886-1.jpg&quot;);\"><\/a>\n                <h3 class=\"u-blog-control u-custom-font u-font-pt-sans u-text u-text-default u-text-6\">\n                  <a class=\"u-post-header-link\" href=\"https:\/\/didimcicekcisi.com\/en\/ciceklerin-anlamlari-doganin-duygusal-dili-2\/\">\u00c7i\u00e7eklerin Anlamlar\u0131: Do\u011fan\u0131n Duygusal Dili<\/a>\n                <\/h3>\n              <\/div>\n            <\/div>\n            <div class=\"u-align-left u-blog-post u-container-align-left u-repeater-item u-video-cover u-white u-repeater-item-6\">\n              <div class=\"u-container-layout u-similar-container u-container-layout-7\"><a class=\"u-blog-control u-expanded-width u-image u-image-default u-image-6\" href=\"https:\/\/didimcicekcisi.com\/en\/mevsimlere-gore-cicekler-2\/\">\n                <img decoding=\"async\" alt=\"\" class=\"u-blog-control u-expanded-width u-image u-image-default u-image-6\" src=\"https:\/\/didimcicekcisi.com\/wp-content\/uploads\/2024\/09\/close-up-hands-holding-flowers-bouquet_23-2149053867-1.jpg\" style=\"background-image: url(&quot;https:\/\/didimcicekcisi.com\/wp-content\/uploads\/2024\/09\/close-up-hands-holding-flowers-bouquet_23-2149053867-1.jpg&quot;);\"><\/a>\n                <h3 class=\"u-blog-control u-custom-font u-font-pt-sans u-text u-text-default u-text-7\">\n                  <a class=\"u-post-header-link\" href=\"https:\/\/didimcicekcisi.com\/en\/mevsimlere-gore-cicekler-2\/\">Mevsimlere G\u00f6re \u00c7i\u00e7ekler<\/a>\n                <\/h3>\n              <\/div>\n            <\/div>\n          <\/div>\n          <div class=\"u-list-control\"><\/div>\n        <\/div>\n      <\/div>\n    <\/section>","protected":false},"excerpt":{"rendered":"<p>Son Yaz\u0131lar Y\u0131lba\u015f\u0131 \u00c7i\u00e7e\u011fi Kokina: E\u015fsiz ve Festif Bir Yeni Y\u0131l Hediyesi \u00d6\u011fretmenler G\u00fcn\u00fc \u0130\u00e7in M\u00fckemmel \u00c7i\u00e7ekleri Se\u00e7mek \u00c7i\u00e7ek Alman\u0131n Mutlulu\u011fu Nedir? \u00d6zel G\u00fcnler \u0130\u00e7in \u00c7i\u00e7ek Se\u00e7imi: Do\u011fru Mesaj\u0131 Verin \u00c7i\u00e7eklerin Anlamlar\u0131: Do\u011fan\u0131n Duygusal Dili Mevsimlere G\u00f6re \u00c7i\u00e7ekler<\/p>","protected":false},"author":1,"featured_media":0,"parent":0,"menu_order":0,"comment_status":"closed","ping_status":"closed","template":"","meta":{"footnotes":""},"class_list":["post-838","page","type-page","status-publish","hentry"],"yoast_head":"<!-- This site is optimized with the Yoast SEO plugin v27.4 - https:\/\/yoast.com\/product\/yoast-seo-wordpress\/ -->\n<title>Blog Yaz\u0131lar\u0131 - Didim \u00c7i\u00e7ekci Roses &amp; Lillies<\/title>\n<meta name=\"robots\" content=\"index, follow, max-snippet:-1, max-image-preview:large, max-video-preview:-1\" \/>\n<link rel=\"canonical\" href=\"https:\/\/didimcicekcisi.com\/en\/blog-yazilari\/\" \/>\n<meta property=\"og:locale\" content=\"en_GB\" \/>\n<meta property=\"og:type\" content=\"article\" \/>\n<meta property=\"og:title\" content=\"Blog Yaz\u0131lar\u0131 - Didim \u00c7i\u00e7ekci Roses &amp; Lillies\" \/>\n<meta property=\"og:description\" content=\"Son Yaz\u0131lar Y\u0131lba\u015f\u0131 \u00c7i\u00e7e\u011fi Kokina: E\u015fsiz ve Festif Bir Yeni Y\u0131l Hediyesi \u00d6\u011fretmenler G\u00fcn\u00fc \u0130\u00e7in M\u00fckemmel \u00c7i\u00e7ekleri Se\u00e7mek \u00c7i\u00e7ek Alman\u0131n Mutlulu\u011fu Nedir? \u00d6zel G\u00fcnler \u0130\u00e7in \u00c7i\u00e7ek Se\u00e7imi: Do\u011fru Mesaj\u0131 Verin \u00c7i\u00e7eklerin Anlamlar\u0131: Do\u011fan\u0131n Duygusal Dili Mevsimlere G\u00f6re \u00c7i\u00e7ekler\" \/>\n<meta property=\"og:url\" content=\"https:\/\/didimcicekcisi.com\/en\/blog-yazilari\/\" \/>\n<meta property=\"og:site_name\" content=\"Didim \u00c7i\u00e7ekci Roses &amp; Lillies\" \/>\n<meta property=\"article:modified_time\" content=\"2024-12-15T18:22:11+00:00\" \/>\n<meta name=\"twitter:card\" content=\"summary_large_image\" \/>\n<script type=\"application\/ld+json\" class=\"yoast-schema-graph\">{\"@context\":\"https:\\\/\\\/schema.org\",\"@graph\":[{\"@type\":\"WebPage\",\"@id\":\"https:\\\/\\\/didimcicekcisi.com\\\/blog-yazilari\\\/\",\"url\":\"https:\\\/\\\/didimcicekcisi.com\\\/blog-yazilari\\\/\",\"name\":\"Blog Yaz\u0131lar\u0131 - Didim \u00c7i\u00e7ekci Roses &amp; Lillies\",\"isPartOf\":{\"@id\":\"https:\\\/\\\/didimcicekcisi.com\\\/#website\"},\"datePublished\":\"2024-11-24T16:46:56+00:00\",\"dateModified\":\"2024-12-15T18:22:11+00:00\",\"breadcrumb\":{\"@id\":\"https:\\\/\\\/didimcicekcisi.com\\\/blog-yazilari\\\/#breadcrumb\"},\"inLanguage\":\"en-GB\",\"potentialAction\":[{\"@type\":\"ReadAction\",\"target\":[\"https:\\\/\\\/didimcicekcisi.com\\\/blog-yazilari\\\/\"]}]},{\"@type\":\"BreadcrumbList\",\"@id\":\"https:\\\/\\\/didimcicekcisi.com\\\/blog-yazilari\\\/#breadcrumb\",\"itemListElement\":[{\"@type\":\"ListItem\",\"position\":1,\"name\":\"Anasayfa\",\"item\":\"https:\\\/\\\/didimcicekcisi.com\\\/\"},{\"@type\":\"ListItem\",\"position\":2,\"name\":\"Blog Yaz\u0131lar\u0131\"}]},{\"@type\":\"WebSite\",\"@id\":\"https:\\\/\\\/didimcicekcisi.com\\\/#website\",\"url\":\"https:\\\/\\\/didimcicekcisi.com\\\/\",\"name\":\"Didim \u00c7i\u00e7ekcisi Roses & Lillies\",\"description\":\"Didim \u00c7i\u00e7ekci Roses &amp; Lillies\",\"publisher\":{\"@id\":\"https:\\\/\\\/didimcicekcisi.com\\\/#organization\"},\"alternateName\":\"Didim \u00c7i\u00e7ekcisi Roses & Lillies\",\"potentialAction\":[{\"@type\":\"SearchAction\",\"target\":{\"@type\":\"EntryPoint\",\"urlTemplate\":\"https:\\\/\\\/didimcicekcisi.com\\\/?s={search_term_string}\"},\"query-input\":{\"@type\":\"PropertyValueSpecification\",\"valueRequired\":true,\"valueName\":\"search_term_string\"}}],\"inLanguage\":\"en-GB\"},{\"@type\":\"Organization\",\"@id\":\"https:\\\/\\\/didimcicekcisi.com\\\/#organization\",\"name\":\"Roses & Lillies\",\"alternateName\":\"Didim \u00c7i\u00e7ekcisi\",\"url\":\"https:\\\/\\\/didimcicekcisi.com\\\/\",\"logo\":{\"@type\":\"ImageObject\",\"inLanguage\":\"en-GB\",\"@id\":\"https:\\\/\\\/didimcicekcisi.com\\\/#\\\/schema\\\/logo\\\/image\\\/\",\"url\":\"https:\\\/\\\/didimcicekcisi.com\\\/wp-content\\\/uploads\\\/2024\\\/09\\\/90f04c54-c530-4ecb-91b3-9f6a335d351b2-1.jpg\",\"contentUrl\":\"https:\\\/\\\/didimcicekcisi.com\\\/wp-content\\\/uploads\\\/2024\\\/09\\\/90f04c54-c530-4ecb-91b3-9f6a335d351b2-1.jpg\",\"width\":500,\"height\":500,\"caption\":\"Roses & Lillies\"},\"image\":{\"@id\":\"https:\\\/\\\/didimcicekcisi.com\\\/#\\\/schema\\\/logo\\\/image\\\/\"}}]}<\/script>\n<!-- \/ Yoast SEO plugin. -->","yoast_head_json":{"title":"Blog Yaz\u0131lar\u0131 - Didim \u00c7i\u00e7ekci Roses &amp; Lillies","robots":{"index":"index","follow":"follow","max-snippet":"max-snippet:-1","max-image-preview":"max-image-preview:large","max-video-preview":"max-video-preview:-1"},"canonical":"https:\/\/didimcicekcisi.com\/en\/blog-yazilari\/","og_locale":"en_GB","og_type":"article","og_title":"Blog Yaz\u0131lar\u0131 - Didim \u00c7i\u00e7ekci Roses &amp; Lillies","og_description":"Son Yaz\u0131lar Y\u0131lba\u015f\u0131 \u00c7i\u00e7e\u011fi Kokina: E\u015fsiz ve Festif Bir Yeni Y\u0131l Hediyesi \u00d6\u011fretmenler G\u00fcn\u00fc \u0130\u00e7in M\u00fckemmel \u00c7i\u00e7ekleri Se\u00e7mek \u00c7i\u00e7ek Alman\u0131n Mutlulu\u011fu Nedir? \u00d6zel G\u00fcnler \u0130\u00e7in \u00c7i\u00e7ek Se\u00e7imi: Do\u011fru Mesaj\u0131 Verin \u00c7i\u00e7eklerin Anlamlar\u0131: Do\u011fan\u0131n Duygusal Dili Mevsimlere G\u00f6re \u00c7i\u00e7ekler","og_url":"https:\/\/didimcicekcisi.com\/en\/blog-yazilari\/","og_site_name":"Didim \u00c7i\u00e7ekci Roses &amp; Lillies","article_modified_time":"2024-12-15T18:22:11+00:00","twitter_card":"summary_large_image","schema":{"@context":"https:\/\/schema.org","@graph":[{"@type":"WebPage","@id":"https:\/\/didimcicekcisi.com\/blog-yazilari\/","url":"https:\/\/didimcicekcisi.com\/blog-yazilari\/","name":"Blog Yaz\u0131lar\u0131 - Didim \u00c7i\u00e7ekci Roses &amp; Lillies","isPartOf":{"@id":"https:\/\/didimcicekcisi.com\/#website"},"datePublished":"2024-11-24T16:46:56+00:00","dateModified":"2024-12-15T18:22:11+00:00","breadcrumb":{"@id":"https:\/\/didimcicekcisi.com\/blog-yazilari\/#breadcrumb"},"inLanguage":"en-GB","potentialAction":[{"@type":"ReadAction","target":["https:\/\/didimcicekcisi.com\/blog-yazilari\/"]}]},{"@type":"BreadcrumbList","@id":"https:\/\/didimcicekcisi.com\/blog-yazilari\/#breadcrumb","itemListElement":[{"@type":"ListItem","position":1,"name":"Anasayfa","item":"https:\/\/didimcicekcisi.com\/"},{"@type":"ListItem","position":2,"name":"Blog Yaz\u0131lar\u0131"}]},{"@type":"WebSite","@id":"https:\/\/didimcicekcisi.com\/#website","url":"https:\/\/didimcicekcisi.com\/","name":"Didim \u00c7i\u00e7ekcisi Roses & Lillies","description":"Didim \u00c7i\u00e7ekci Roses &amp; Lillies","publisher":{"@id":"https:\/\/didimcicekcisi.com\/#organization"},"alternateName":"Didim \u00c7i\u00e7ekcisi Roses & Lillies","potentialAction":[{"@type":"SearchAction","target":{"@type":"EntryPoint","urlTemplate":"https:\/\/didimcicekcisi.com\/?s={search_term_string}"},"query-input":{"@type":"PropertyValueSpecification","valueRequired":true,"valueName":"search_term_string"}}],"inLanguage":"en-GB"},{"@type":"Organization","@id":"https:\/\/didimcicekcisi.com\/#organization","name":"Roses & Lillies","alternateName":"Didim \u00c7i\u00e7ekcisi","url":"https:\/\/didimcicekcisi.com\/","logo":{"@type":"ImageObject","inLanguage":"en-GB","@id":"https:\/\/didimcicekcisi.com\/#\/schema\/logo\/image\/","url":"https:\/\/didimcicekcisi.com\/wp-content\/uploads\/2024\/09\/90f04c54-c530-4ecb-91b3-9f6a335d351b2-1.jpg","contentUrl":"https:\/\/didimcicekcisi.com\/wp-content\/uploads\/2024\/09\/90f04c54-c530-4ecb-91b3-9f6a335d351b2-1.jpg","width":500,"height":500,"caption":"Roses & Lillies"},"image":{"@id":"https:\/\/didimcicekcisi.com\/#\/schema\/logo\/image\/"}}]}},"_links":{"self":[{"href":"https:\/\/didimcicekcisi.com\/en\/wp-json\/wp\/v2\/pages\/838","targetHints":{"allow":["GET"]}}],"collection":[{"href":"https:\/\/didimcicekcisi.com\/en\/wp-json\/wp\/v2\/pages"}],"about":[{"href":"https:\/\/didimcicekcisi.com\/en\/wp-json\/wp\/v2\/types\/page"}],"author":[{"embeddable":true,"href":"https:\/\/didimcicekcisi.com\/en\/wp-json\/wp\/v2\/users\/1"}],"replies":[{"embeddable":true,"href":"https:\/\/didimcicekcisi.com\/en\/wp-json\/wp\/v2\/comments?post=838"}],"version-history":[{"count":6,"href":"https:\/\/didimcicekcisi.com\/en\/wp-json\/wp\/v2\/pages\/838\/revisions"}],"predecessor-version":[{"id":865,"href":"https:\/\/didimcicekcisi.com\/en\/wp-json\/wp\/v2\/pages\/838\/revisions\/865"}],"wp:attachment":[{"href":"https:\/\/didimcicekcisi.com\/en\/wp-json\/wp\/v2\/media?parent=838"}],"curies":[{"name":"wp","href":"https:\/\/api.w.org\/{rel}","templated":true}]}}