{"id":313,"date":"2024-09-15T07:05:28","date_gmt":"2024-09-15T07:05:28","guid":{"rendered":"https:\/\/didimcicekcisi.com\/hakkinda\/"},"modified":"2024-11-27T09:21:53","modified_gmt":"2024-11-27T09:21:53","slug":"hakkinda","status":"publish","type":"page","link":"https:\/\/didimcicekcisi.com\/en\/hakkinda\/","title":{"rendered":"Hakk\u0131nda"},"content":{"rendered":"<section class=\"u-clearfix u-container-align-center-lg u-container-align-center-xl u-section-2\" id=\"sec-68e5\">\n      <div class=\"u-clearfix u-sheet u-sheet-1\">\n        <p class=\"u-align-center-lg u-align-center-md u-align-center-sm u-align-center-xl u-align-left-xs u-custom-font u-font-lobster u-text u-text-1\">Hakk\u0131m\u0131zda<\/p>\n        <p class=\"u-align-center-lg u-align-center-md u-align-center-sm u-align-center-xl u-align-left-xs u-text u-text-2\"> 2021 y\u0131l\u0131nda kuzenler Gonca \u00c7amlar \u0130diz ve Melis Dal taraf\u0131ndan kurulan Roses &amp; Lilies, hayat\u0131n\u0131za daha fazla \u00e7i\u00e7ek katmak ve hediye vermeyi unutulmaz bir keyfe d\u00f6n\u00fc\u015ft\u00fcrmek amac\u0131yla do\u011fdu. \u00d6zel g\u00fcnlerinizde ve davetlerinizde, hayallerinizi ger\u00e7e\u011fe d\u00f6n\u00fc\u015ft\u00fcrmek i\u00e7in her detay\u0131 titizlikle planl\u0131yor ve size sunuyoruz. \u00c7i\u00e7eklerimizin ve hediyelerimizin, kutusundan paketlemesine, bak\u0131m \u00f6nerilerinden sunumuna kadar her a\u015famas\u0131 \u00f6zenle haz\u0131rlan\u0131r; zarafet ve incelik Roses Lilies'in her k\u00f6\u015fesinde kendini g\u00f6sterir.<\/p>\n      <\/div>\n    <\/section>\n    <section class=\"u-align-center u-clearfix u-container-align-center u-section-3\" id=\"sec-c625\">\n      <div class=\"u-clearfix u-sheet u-sheet-1\">\n        <div class=\"custom-expanded u-gallery u-layout-grid u-lightbox u-show-text-none u-gallery-1\">\n          <div class=\"u-gallery-inner u-gallery-inner-1\">\n            <div class=\"u-gallery-item\">\n              <div class=\"u-back-slide\">\n                <img decoding=\"async\" class=\"u-back-image u-expanded\" src=\"https:\/\/didimcicekcisi.com\/wp-content\/uploads\/2024\/09\/cicek21-4.webp\">\n              <\/div>\n              <div class=\"u-over-slide u-shading u-over-slide-1\"><\/div>\n            <\/div>\n            <div class=\"u-gallery-item\">\n              <div class=\"u-back-slide\">\n                <img decoding=\"async\" class=\"u-back-image u-expanded\" src=\"https:\/\/didimcicekcisi.com\/wp-content\/uploads\/2024\/09\/19.jpg\">\n              <\/div>\n              <div class=\"u-over-slide u-shading u-over-slide-2\"><\/div>\n            <\/div>\n          <\/div>\n        <\/div>\n      <\/div>\n    <\/section>","protected":false},"excerpt":{"rendered":"<p>Hakk\u0131m\u0131zda 2021 y\u0131l\u0131nda kuzenler Gonca \u00c7amlar \u0130diz ve Melis Dal taraf\u0131ndan kurulan Roses &amp; Lilies, hayat\u0131n\u0131za daha fazla \u00e7i\u00e7ek katmak ve hediye vermeyi unutulmaz bir keyfe d\u00f6n\u00fc\u015ft\u00fcrmek amac\u0131yla do\u011fdu. \u00d6zel g\u00fcnlerinizde ve davetlerinizde, hayallerinizi ger\u00e7e\u011fe d\u00f6n\u00fc\u015ft\u00fcrmek i\u00e7in her detay\u0131 titizlikle planl\u0131yor ve size sunuyoruz. \u00c7i\u00e7eklerimizin ve hediyelerimizin, kutusundan paketlemesine, bak\u0131m \u00f6nerilerinden sunumuna kadar her a\u015famas\u0131 &hellip; <a href=\"https:\/\/didimcicekcisi.com\/en\/hakkinda\/\" class=\"more-link\">Continue reading<span class=\"screen-reader-text\"> &#8220;Hakk\u0131nda&#8221;<\/span><\/a><\/p>","protected":false},"author":1,"featured_media":0,"parent":0,"menu_order":10,"comment_status":"closed","ping_status":"closed","template":"","meta":{"footnotes":""},"class_list":["post-313","page","type-page","status-publish","hentry"],"yoast_head":"<!-- This site is optimized with the Yoast SEO plugin v27.4 - https:\/\/yoast.com\/product\/yoast-seo-wordpress\/ -->\n<title>Hakk\u0131nda - Didim \u00c7i\u00e7ekci Roses &amp; Lillies<\/title>\n<meta name=\"robots\" content=\"index, follow, max-snippet:-1, max-image-preview:large, max-video-preview:-1\" \/>\n<link rel=\"canonical\" href=\"https:\/\/didimcicekcisi.com\/en\/hakkinda\/\" \/>\n<meta property=\"og:locale\" content=\"en_GB\" \/>\n<meta property=\"og:type\" content=\"article\" \/>\n<meta property=\"og:title\" content=\"Hakk\u0131nda - Didim \u00c7i\u00e7ekci Roses &amp; Lillies\" \/>\n<meta property=\"og:description\" content=\"Hakk\u0131m\u0131zda 2021 y\u0131l\u0131nda kuzenler Gonca \u00c7amlar \u0130diz ve Melis Dal taraf\u0131ndan kurulan Roses &amp; Lilies, hayat\u0131n\u0131za daha fazla \u00e7i\u00e7ek katmak ve hediye vermeyi unutulmaz bir keyfe d\u00f6n\u00fc\u015ft\u00fcrmek amac\u0131yla do\u011fdu. \u00d6zel g\u00fcnlerinizde ve davetlerinizde, hayallerinizi ger\u00e7e\u011fe d\u00f6n\u00fc\u015ft\u00fcrmek i\u00e7in her detay\u0131 titizlikle planl\u0131yor ve size sunuyoruz. \u00c7i\u00e7eklerimizin ve hediyelerimizin, kutusundan paketlemesine, bak\u0131m \u00f6nerilerinden sunumuna kadar her a\u015famas\u0131 &hellip; Continue reading &quot;Hakk\u0131nda&quot;\" \/>\n<meta property=\"og:url\" content=\"https:\/\/didimcicekcisi.com\/en\/hakkinda\/\" \/>\n<meta property=\"og:site_name\" content=\"Didim \u00c7i\u00e7ekci Roses &amp; Lillies\" \/>\n<meta property=\"article:modified_time\" content=\"2024-11-27T09:21:53+00:00\" \/>\n<meta name=\"twitter:card\" content=\"summary_large_image\" \/>\n<script type=\"application\/ld+json\" class=\"yoast-schema-graph\">{\"@context\":\"https:\\\/\\\/schema.org\",\"@graph\":[{\"@type\":\"WebPage\",\"@id\":\"https:\\\/\\\/didimcicekcisi.com\\\/hakkinda\\\/\",\"url\":\"https:\\\/\\\/didimcicekcisi.com\\\/hakkinda\\\/\",\"name\":\"Hakk\u0131nda - Didim \u00c7i\u00e7ekci Roses &amp; Lillies\",\"isPartOf\":{\"@id\":\"https:\\\/\\\/didimcicekcisi.com\\\/#website\"},\"datePublished\":\"2024-09-15T07:05:28+00:00\",\"dateModified\":\"2024-11-27T09:21:53+00:00\",\"breadcrumb\":{\"@id\":\"https:\\\/\\\/didimcicekcisi.com\\\/hakkinda\\\/#breadcrumb\"},\"inLanguage\":\"en-GB\",\"potentialAction\":[{\"@type\":\"ReadAction\",\"target\":[\"https:\\\/\\\/didimcicekcisi.com\\\/hakkinda\\\/\"]}]},{\"@type\":\"BreadcrumbList\",\"@id\":\"https:\\\/\\\/didimcicekcisi.com\\\/hakkinda\\\/#breadcrumb\",\"itemListElement\":[{\"@type\":\"ListItem\",\"position\":1,\"name\":\"Anasayfa\",\"item\":\"https:\\\/\\\/didimcicekcisi.com\\\/\"},{\"@type\":\"ListItem\",\"position\":2,\"name\":\"Hakk\u0131nda\"}]},{\"@type\":\"WebSite\",\"@id\":\"https:\\\/\\\/didimcicekcisi.com\\\/#website\",\"url\":\"https:\\\/\\\/didimcicekcisi.com\\\/\",\"name\":\"Didim \u00c7i\u00e7ekcisi Roses & Lillies\",\"description\":\"Didim \u00c7i\u00e7ekci Roses &amp; Lillies\",\"publisher\":{\"@id\":\"https:\\\/\\\/didimcicekcisi.com\\\/#organization\"},\"alternateName\":\"Didim \u00c7i\u00e7ekcisi Roses & Lillies\",\"potentialAction\":[{\"@type\":\"SearchAction\",\"target\":{\"@type\":\"EntryPoint\",\"urlTemplate\":\"https:\\\/\\\/didimcicekcisi.com\\\/?s={search_term_string}\"},\"query-input\":{\"@type\":\"PropertyValueSpecification\",\"valueRequired\":true,\"valueName\":\"search_term_string\"}}],\"inLanguage\":\"en-GB\"},{\"@type\":\"Organization\",\"@id\":\"https:\\\/\\\/didimcicekcisi.com\\\/#organization\",\"name\":\"Roses & Lillies\",\"alternateName\":\"Didim \u00c7i\u00e7ekcisi\",\"url\":\"https:\\\/\\\/didimcicekcisi.com\\\/\",\"logo\":{\"@type\":\"ImageObject\",\"inLanguage\":\"en-GB\",\"@id\":\"https:\\\/\\\/didimcicekcisi.com\\\/#\\\/schema\\\/logo\\\/image\\\/\",\"url\":\"https:\\\/\\\/didimcicekcisi.com\\\/wp-content\\\/uploads\\\/2024\\\/09\\\/90f04c54-c530-4ecb-91b3-9f6a335d351b2-1.jpg\",\"contentUrl\":\"https:\\\/\\\/didimcicekcisi.com\\\/wp-content\\\/uploads\\\/2024\\\/09\\\/90f04c54-c530-4ecb-91b3-9f6a335d351b2-1.jpg\",\"width\":500,\"height\":500,\"caption\":\"Roses & Lillies\"},\"image\":{\"@id\":\"https:\\\/\\\/didimcicekcisi.com\\\/#\\\/schema\\\/logo\\\/image\\\/\"}}]}<\/script>\n<!-- \/ Yoast SEO plugin. -->","yoast_head_json":{"title":"Hakk\u0131nda - Didim \u00c7i\u00e7ekci Roses &amp; Lillies","robots":{"index":"index","follow":"follow","max-snippet":"max-snippet:-1","max-image-preview":"max-image-preview:large","max-video-preview":"max-video-preview:-1"},"canonical":"https:\/\/didimcicekcisi.com\/en\/hakkinda\/","og_locale":"en_GB","og_type":"article","og_title":"Hakk\u0131nda - Didim \u00c7i\u00e7ekci Roses &amp; Lillies","og_description":"Hakk\u0131m\u0131zda 2021 y\u0131l\u0131nda kuzenler Gonca \u00c7amlar \u0130diz ve Melis Dal taraf\u0131ndan kurulan Roses &amp; Lilies, hayat\u0131n\u0131za daha fazla \u00e7i\u00e7ek katmak ve hediye vermeyi unutulmaz bir keyfe d\u00f6n\u00fc\u015ft\u00fcrmek amac\u0131yla do\u011fdu. \u00d6zel g\u00fcnlerinizde ve davetlerinizde, hayallerinizi ger\u00e7e\u011fe d\u00f6n\u00fc\u015ft\u00fcrmek i\u00e7in her detay\u0131 titizlikle planl\u0131yor ve size sunuyoruz. \u00c7i\u00e7eklerimizin ve hediyelerimizin, kutusundan paketlemesine, bak\u0131m \u00f6nerilerinden sunumuna kadar her a\u015famas\u0131 &hellip; Continue reading \"Hakk\u0131nda\"","og_url":"https:\/\/didimcicekcisi.com\/en\/hakkinda\/","og_site_name":"Didim \u00c7i\u00e7ekci Roses &amp; Lillies","article_modified_time":"2024-11-27T09:21:53+00:00","twitter_card":"summary_large_image","schema":{"@context":"https:\/\/schema.org","@graph":[{"@type":"WebPage","@id":"https:\/\/didimcicekcisi.com\/hakkinda\/","url":"https:\/\/didimcicekcisi.com\/hakkinda\/","name":"Hakk\u0131nda - Didim \u00c7i\u00e7ekci Roses &amp; Lillies","isPartOf":{"@id":"https:\/\/didimcicekcisi.com\/#website"},"datePublished":"2024-09-15T07:05:28+00:00","dateModified":"2024-11-27T09:21:53+00:00","breadcrumb":{"@id":"https:\/\/didimcicekcisi.com\/hakkinda\/#breadcrumb"},"inLanguage":"en-GB","potentialAction":[{"@type":"ReadAction","target":["https:\/\/didimcicekcisi.com\/hakkinda\/"]}]},{"@type":"BreadcrumbList","@id":"https:\/\/didimcicekcisi.com\/hakkinda\/#breadcrumb","itemListElement":[{"@type":"ListItem","position":1,"name":"Anasayfa","item":"https:\/\/didimcicekcisi.com\/"},{"@type":"ListItem","position":2,"name":"Hakk\u0131nda"}]},{"@type":"WebSite","@id":"https:\/\/didimcicekcisi.com\/#website","url":"https:\/\/didimcicekcisi.com\/","name":"Didim \u00c7i\u00e7ekcisi Roses & Lillies","description":"Didim \u00c7i\u00e7ekci Roses &amp; Lillies","publisher":{"@id":"https:\/\/didimcicekcisi.com\/#organization"},"alternateName":"Didim \u00c7i\u00e7ekcisi Roses & Lillies","potentialAction":[{"@type":"SearchAction","target":{"@type":"EntryPoint","urlTemplate":"https:\/\/didimcicekcisi.com\/?s={search_term_string}"},"query-input":{"@type":"PropertyValueSpecification","valueRequired":true,"valueName":"search_term_string"}}],"inLanguage":"en-GB"},{"@type":"Organization","@id":"https:\/\/didimcicekcisi.com\/#organization","name":"Roses & Lillies","alternateName":"Didim \u00c7i\u00e7ekcisi","url":"https:\/\/didimcicekcisi.com\/","logo":{"@type":"ImageObject","inLanguage":"en-GB","@id":"https:\/\/didimcicekcisi.com\/#\/schema\/logo\/image\/","url":"https:\/\/didimcicekcisi.com\/wp-content\/uploads\/2024\/09\/90f04c54-c530-4ecb-91b3-9f6a335d351b2-1.jpg","contentUrl":"https:\/\/didimcicekcisi.com\/wp-content\/uploads\/2024\/09\/90f04c54-c530-4ecb-91b3-9f6a335d351b2-1.jpg","width":500,"height":500,"caption":"Roses & Lillies"},"image":{"@id":"https:\/\/didimcicekcisi.com\/#\/schema\/logo\/image\/"}}]}},"_links":{"self":[{"href":"https:\/\/didimcicekcisi.com\/en\/wp-json\/wp\/v2\/pages\/313","targetHints":{"allow":["GET"]}}],"collection":[{"href":"https:\/\/didimcicekcisi.com\/en\/wp-json\/wp\/v2\/pages"}],"about":[{"href":"https:\/\/didimcicekcisi.com\/en\/wp-json\/wp\/v2\/types\/page"}],"author":[{"embeddable":true,"href":"https:\/\/didimcicekcisi.com\/en\/wp-json\/wp\/v2\/users\/1"}],"replies":[{"embeddable":true,"href":"https:\/\/didimcicekcisi.com\/en\/wp-json\/wp\/v2\/comments?post=313"}],"version-history":[{"count":4,"href":"https:\/\/didimcicekcisi.com\/en\/wp-json\/wp\/v2\/pages\/313\/revisions"}],"predecessor-version":[{"id":851,"href":"https:\/\/didimcicekcisi.com\/en\/wp-json\/wp\/v2\/pages\/313\/revisions\/851"}],"wp:attachment":[{"href":"https:\/\/didimcicekcisi.com\/en\/wp-json\/wp\/v2\/media?parent=313"}],"curies":[{"name":"wp","href":"https:\/\/api.w.org\/{rel}","templated":true}]}}