{"id":308,"date":"2024-09-15T07:05:23","date_gmt":"2024-09-15T07:05:23","guid":{"rendered":"https:\/\/didimcicekcisi.com\/iletisim\/"},"modified":"2025-09-14T16:27:05","modified_gmt":"2025-09-14T16:27:05","slug":"iletisim","status":"publish","type":"page","link":"https:\/\/didimcicekcisi.com\/en\/iletisim\/","title":{"rendered":"\u0130leti\u015fim"},"content":{"rendered":"<section class=\"u-align-center u-clearfix u-container-align-center u-grey-5 u-section-2\" id=\"carousel_f68c\">\n      <div class=\"u-clearfix u-sheet u-valign-middle u-sheet-1\">\n        <div class=\"u-expanded-width u-list u-list-1\">\n          <div class=\"u-repeater u-repeater-1\">\n            <div class=\"u-align-left u-container-align-left u-container-style u-list-item u-radius u-repeater-item u-shape-round u-white u-list-item-1\">\n              <div class=\"u-container-layout u-similar-container u-valign-middle u-container-layout-1\"><span class=\"u-file-icon u-icon u-icon-1\" data-href=\"tel:0536 244 42 42\"><img decoding=\"async\" src=\"https:\/\/didimcicekcisi.com\/wp-content\/uploads\/2024\/10\/2099140.png\" alt=\"\"><\/span>\n                <h5 class=\"u-align-center u-custom-font u-font-arial u-text u-text-1\">\n                  <a class=\"u-active-none u-border-none u-btn u-button-link u-button-style u-hover-none u-none u-text-grey-80 u-btn-1\" href=\"tel:0536 244 42 42\">Telefon<\/a>\n                <\/h5>\n                <p class=\"u-align-center u-text u-text-2\">\n                  <a class=\"u-active-none u-border-none u-btn u-button-link u-button-style u-hover-none u-none u-text-grey-80 u-btn-2\" href=\"tel:0536 244 42 42\"> 0536 244 42 42<\/a>\n                <\/p>\n              <\/div>\n            <\/div>\n            <div class=\"u-align-left u-container-align-left u-container-style u-list-item u-radius u-repeater-item u-shape-round u-video-cover u-white u-list-item-2\">\n              <div class=\"u-container-layout u-similar-container u-valign-middle u-container-layout-2\"><span class=\"u-file-icon u-icon u-text-grey-80 u-icon-2\" data-href=\"https:\/\/www.google.com\/maps?ll=37.356473,27.277362&amp;z=10&amp;t=m&amp;hl=en-US&amp;gl=US&amp;mapclient=embed&amp;cid=1875134625299286967\"><img decoding=\"async\" src=\"data:image\/png;base64,iVBORw0KGgoAAAANSUhEUgAAAIAAAACACAYAAADDPmHLAAAAAXNSR0IArs4c6QAAF8RJREFUeF7tXX+cHEWVf9UzO9lANvzIGU4EIQtHQiCbTFdPlhADuYAifsDIL4UDQe\/4cf44BQROgwpyovL7PPDQU0DxDvECcuCJKAcXD0PYnX49m4BBMIQAl1M5BENCNuzM9HMe1n4+uTBd3dNdPdOzuffP\/rFV1VWvvlP16v0UMEFJStkDALOEEDN93z+I\/xLRgUKIPgDYFQD2UH+ZA68BwCsAsIWItggh1hHRU5ZlPUVETwPALxGxOhFZJSbKok455ZTchg0bZtXr9YVCiKMB4F0AsJuh9W0lokeFEP8BACsBYGiiAKLrAVAqlQ7xff+DAPAhANjL0IaHDfOyEOIuIvouIv48rHGW\/9+VAFi4cGHftm3bzgGAvwSAQzrM4CeEELdu3br1m2vXrt3S4bm0\/PmuAsDg4ODUWq32EQC4BAD2bHm16XZ4tXEC3VwoFK5etWrVy+l+ytzoXQEAKeUuRLRMCPEJAGAhLsvEQPgqAHwFEbdmeaI8t8wDwLbt44UQ\/wAA+2edmTvMb6MQYpnrurdned6ZBUCpVNrX9\/1\/BIDjDDHwVX7aNeSG54UQm9Vzj59\/QES7CiGmEFGfZVn7EdFBADDVxHeFED8UQnysXC6\/YGI802NkEgC2bR8nhPg2AEyLueAxfqoJIR6u1+uPAMCTlUrlf1oZq1gs7p3P52f7vr8IAJYAwCAAsG4hDv0OAM5CxB\/F6Zxmn0wBQClvvgwAF8a4nnjTmcG3V6vVB9esWfPGr9sUDQwM7JrP548RQvCT8z0AUGhxbGqcMtdOmTJl2YoVK2ot9k2teWYAsGDBgj3HxsbuA4CFLa722YbC54ZcLnfH8PAw\/9JSp\/nz50+r1+unA8AFMWSTR8bGxpY+\/vjjrHnsOGUCAFLKtwLAAwAw0AJHniGiq6dOnXprB39RlpTypMZp9QUAOLiFua+1LOvdWZALOg4AKeUsAPgJALw9IgN\/32h3eX9\/\/03Lly+vR+yTdjPLcZwziOj6FuQWlknejYiPpz053fgdBYBt2wcLIf4LAP4kAhNI3e+XrFmz5sUI7dveZHBwcK9qtXqNkhOifP8lAFiEiL+M0jiNNh0DwNy5c9+Wz+fZsLJfhIWxcuVsRFweoW3HmziOs5SIblMWx7D5\/DfLPYj4fFjDNP7fEQDMmzdv91wu97Mod74QwhVCfKBcLq9PgwFpjSmlfLsQ4k4iWhDhG2sLhcKiTqiQ2w4A9dT7zyjSPhHduW3btrPWrl3LT7yuowMPPHDSbrvt9l0AOCXC5FlfcVS7zcydAMC1APCpMIYIIb7mui7r\/v2wthn\/v5BS8ppZt6ElftV4nve3Ye1M\/r+tAFAaPn7rh333CkS8zORCOz2WbdtfFEJcGoYBADi+nRrDsI0wxjel269EeCbdiIj8y59wJKX8GgB8NGRhL+Xz+eLQ0BALh6lT2wDgOM59RHS8bkV853uexxq2bj\/2g5bJiqPvAcD7Q3b2XkR8X+q7H+EoNjIH9Sz6t5DBhkZHR4\/oVoEvKqOUYMjPXxnyY3iv53k\/jDpu3HapnwDszAEATwDADM0kf5\/L5ezh4WHW66dG7Eq2devWmZZlsZfwnmwG5o8JIV4jopd93396l112eWrlypWbU5sE77yUBzTuegxxWn2+Wq3ONm3U2nFdqQMggvDDGr4TETHshIi1J47jFH3fP9WyrCVEVASAXMhAdSFEhYgesizrznK5PBLrwyGdHMc5mYjCFFupC8OpAkBZ+DaEuHF9BxHZo9cYKV3DX6inVysGpmZzWC2EuH7KlCl3mDY6SSn\/GQBY5gmiV+v1+n4jIyNs\/0iFUgWA4ziXE5HuOfdKtVqdZVK3r+SNG0KunDjMZOvjBSbvZbYd1Go1tgPsrpnQ5xHx7+JMOEqf1ADADhQ9PT3869cZej6CiF+PMtGwNlJK\/s63AGBpWNuE\/78nl8udY8r3QEr5Nw0PZ\/Z5DKKXe3t7909LLkkNAFJK1nxdp1nYk4h4qIknn5SS3bXuagBgn4SbG7U7+xWe4rrucNQOQe04omn9+vVrAYD9EJuSEOJC13X5VDNOaQJgDQDM0SzqTNd1WU+eiEql0tG+7\/+gA+7iWxUI7k+0AACwbfvDHFyiGecX6seS9FNv6p8KAGzblmzF08z22b6+voOSClWO47yHiPj1ENdZMylDq40Xw1LXdX+cZCAltHIQaqDru2VZxTReJKkAQEr5941o209qmPIJRLwxIdP42H8YAFjPEIXYe+hRALiXiFbWarX1PT09b\/jlVavVPfL5fH8j+PMdSoZgE27Yc3H8m681nFqWJL0OpJTML+ZbUyKiGzzPCzUoRWHE9m2MA0DdaezuND1gMmO5XG7vJEKUEvjYrhDlzh8lohtrtdp1UV8bAwMD0wuFwkVExAJabwSmPq8UWbGdUovF4lssy9qoOc1+g4hvMyEzpQqAUqlU8n0\/UDgSQvzAdV12pIxNUko+9qNI+3dZlnVhXOdLdupQv8oTIkz2HkQ8MUK7wCZh9hIhhO26LgPfGBk\/ARzHuYSIrtLM8IQkWj8pJRtJ7gnhAPvgX+G6LnvrsqYxCbE9n4NRvwQAlm4gIkqkv4+gHbwIEXUvq5bXaRwAUkp27z4m6PivVqt7xtVvK2GJw7t0dgVfCHG667p3tswNTQcpJWsWWXOn49m6vr6+g+MKtyrsna+RIKH2R4hoKlTujdUaBYDaIBas3jCyNKFHEPGIuBsjpTyrISlzyFggEdGlnufxr9U4SSk\/r2IAAscWQiR63tq2vVIIcXjAB9hINc2k25hpAPC7n9\/\/TUkI8QXXdS+PuzNSytUhjqR3ISLb2pMe+4FLkFLeDQA6mWB144qbl2CNrPb9bFB\/3\/cPqVQqrDgyQkYB4DjOSUTEGrmm5Pv+0ZVK5aE4M2erXuOO9TR9t7GZN67AF3VOyp39VwAwOagPEc31PC\/wh6D7luM47ySin2rGPtHzvDAZKOpyzF4BjuNcSkRf1Hx9b0T8deTZbdfQtu2rhBAsjDWldjpUSimvaWQUu0izji8j4rI46xwcHNynVqvpQsk\/g4hfiTN2sz5GTwDbtm\/XRMW8ioixs3Y5jlMmIidg4fVqtbp31Hd+UuYpKx7rOoJeBcOIyIqqOMSvDg6EmRLQ+duI+OE4A6cOACkl+7azNu1NRERlz\/Pmx5m4ko5ZuAzSziUSLuPMSUrJ2cGCIpkZkLsleO2wGr2pyxiH0rmue2ScObcDAIEGICK62\/O8k+NMvFgsOpZllTV9P4WIHJjZNrJt+2IhxNVBH0yitJFSsnErSNBcg4hzTS3U6BUgpWT7f1CsX+yjS73B\/yVo0Rx+5XneY6aYEmWcUql0uO\/77NzZlIQQp8XVRUgpvwMAZwYM\/Swi9keZY5Q2pgHASoyg9G2x\/f3DnCYauYSmVyqV\/42yYFNtlBzwGw0oP+55HscBtEyO49xERB8L6PgSIr6l5UGDgGpqIB5HSvl6UOoUIcSXXNcNi4xpOh3btjlF3JVBcx0dHZ3Ubndy5d69TcO\/ZYjI6W5aJiklK7I+E9Dx9cYrIIqBKtJ3TZ8AHMTZVI35\/wCItB9vNHIc50rOixjQY6wBrEnRR9O3NA0A9l4Neup9FRHPjzPxsCugWq3u1a4n4Pj807wCpJScaDIoPO4VRDSWJdU0ANievXfAJn8LETm\/b8sUJgT6vn94pVJZ1fLACTo4jrOQiAITRScRAm3bvkUIwXmQm9ELiBg1nU7oCk0DgC11Qc6NrKePEif\/pklHeAZejIgcgt02klJyGHegRi7JM9BxnLuJKMi3gGsXtJKQSssTowCwbXuFEKKpkoJ9BF3XLcXZoQiKoJ8jIid0bBuFWO1q1Wp19wSKILZ5cBRTM3oYEY8ytVCjAJBSsqmWTbbN6HeIGCUZVNPOWVIFl0qlP\/V9n6+7IFUwF5Q4LO4mNfwDWevZNFiEiG71PO+v4o69Yz+jAIgQCbQ7Im6KM3kpJR+3gdkzhBDXuK4baCyK882gPirjR2CWkyQvnjlz5uxRKBR06eYvQ8QrTK3HKAAiOGxwSrRYFTaimIMBYGba2bbmzZu3fy6X43CuwKdYEnNwqVQ60vf9FUEbLIQ4y2QGctMAsFXYc9D8E+nsG\/6AHKmr04OzYyY7nKbpEMK2eJ1D6ggiBt3foT\/cMJ9K3\/fnVSoVdowxQkYBMHv27MLkyZPZlNn016EygJwWd+aO45xJRKwn19HnEFHnkxD386ygCQt25dTzZ3ieF2i3CPu4lJJDxoOMZqx5nJpZlzBenG3bw0KIIGl\/AyLqHDq1\/Fm8eHF+8+bNfPxygoUgYo9gdgrlVCzGyLbt04UQHMqm+9H8qq+vb3Zcp1CerJSSE0buGzDxxxAxSt7ByOs2egKoBdwMAH8dNIN6vX7QyMgIu1TFIsdx3ttI9HBvSGe+Aq5WXjlJ8w214hZ+vOd5\/x5rYX\/88XDq3EB\/PyK6yfM8DlYxRsYB4DjOaY2KG3doZmgiLExnL9\/+03xfnx9XMCwWi\/tZlsVq2dAglCT+DuMTdhznApVwuin7VDBqoM9lHFQYB4AK2\/pt0BuZiH7seR4XXIhNKl8\/K0uiqET53rwpn89fOzQ0xPMKJfXOZ5+\/j+uk\/e0Geq5QKNhJU72GxFTUC4XC9KTf2HHxxgHAHwiRA0ZHR0enJ62x5zjOfCLi4NCgGIQd18pXwSq+PnK53ErLsp7ZvHnzK2NjY2LatGm71+v1A9nFy\/f9pUIIVuJoo4C2G\/y1xrNtcaVS0UVDh4JOaTsZoEHexsbvf55UWgDQZsVMKilvd2Qeq+SBrg4P5\/VEeOGkkjAqLQAcJoTQWeeMhTh1MEEEh4W\/33XdxAki1Kl5vxDi2KCjQggxmDQEvdnYqQCAPySlXKd5rnElbo4R4IIJiUldB\/x+jiITJP4eADzn+\/7JSY\/98Ymo0HB2M88HTG49IvIVZVzBlSYAtLp7IortM9eMSUow\/GZI2FbizWdpf9KkSeeaFMaklOz8wa+NppTEthC24NQAUCqV5jUEKl0sOyeJ4sLPRlGtKo1yQiWdsiiML83+z7qLC9LI5C2l5EyqgUWwhRBzXNflNsYpNQCoa4CVGoHOC77vH1mpVLhmkFFijeGWLVtYH8EWu6Q+9CONiqLXTZ069c4kGr6gBTqOs5iIuIBGED2BiIHJtpIyLm0AaFPFJbUNRFm8bdsDQohTuRqHirYJy\/3DuYS4TM1Dvu9\/P26QZ5S5qR\/Jv4ZUFPlkwwdQl0cw6qeaXy+Jeod0VqliOe990NuWvYj3jxsw2urcZ8+ePWXy5MmcKPog3\/encb1gNcbmRmXyl4no6Wq1+lRcT55W56MijTlBdtAzduvY2Ng+aRaZTPUEUAjXRbmw9aztZVJa3ai02kdwLLnNdd0g51Aj00odAGEhVI2EzqknRDbCKcODSCnZff65kJTxhyHikOFP\/5\/hUgcAfy3En4+bxI6iSZM5aY4dIZdCkhDzyFNvCwCklOwOzsJOEP22UCjMWLVq1WjkmXdxwwULFkweGxvjQNqgXIpcxOJk13U5HU2q1BYAqOSRTwLAn2lWk8hdLFUuGR5cSsmWRs4yEkRPK9\/\/pL4MoTNvCwDUNXAeEelSw7\/U29vbn1Za9FBOtKmBeok8o\/v1A8A5iMip71OntgFg8eLFvZs3b+Zjby\/NqlItjpA6NyN8QEr5uYapWefW\/etNmzbNWLduHUdap05tAwCvJEINgU2FQqHfpJ49dQ628AFVM5lrIO+h6cYeTIF2gRY+F6lpWwGgTgHWqeuSPF+LiBdHmn2XNYqQXewFlUZfl3fA6KrbCgB1CrDDKDuOBtFYvV4\/NInjqFEOGRpMlYr7RUhAybme57FFs23UCQCw2pNfBDprXeLM223jYMQPRchwvmF0dHRmuzOdtB0AzC\/bts9QPvY69i1BRJ2VLCLrO9\/Mtu0lbFzSzYSIPuh5Hiejbit1BADscGnb9mOaABJmwur+\/n65fPlyts51LSkdCHsw6+oXVhCRk2Cm\/u7fkZGdAgCfAouEED\/TOaYS0Xme5\/1T1+7+H9XgYfoPdog5Im7QbFLedAwASiD8fkglba7nO6vdKeCSMnW8v3JT41C2wLwI7fCJ0K2nowAolUr7Nur6MoMCCz8JIVI3iZra8B3HCUn4yM1HG04nB1cqFbYKdoQ6CgB1Cmjz4yufwaO6TSCMcsWxRhARdaV1UwdFFgDAv34+BYIiYpkJ\/H4umgyLTpOzKkyeHWJna76zsVqtzmyX91HQPDoOAJ5YhIBSbmY0T36aAAjLbMrfJqJTPc9jGaijlAkAqKvgJ43Cju\/ScGM0l8vNGx4e5gqbmSXHcWYSEf\/6AyuKNGIPH3BdNzAKqJ2LywwAVO4d9n0PDPbkcLMZM2YsyrBuwJJS8tO2ac0EtbGjlmUdWi6X2SjUccoMANRVEFZyhptl1nEkrIaA2u1MXWWZAkBE4el13\/dtk5WzTPwMoxz9jdw\/fMLZWRJmMwUAJQvw8cnRQrq5Pdbf3\/+ODF0FUY5+Lmh5hOu6gUUmTACx1TEyBwBegG3bXxdCnBeyGONlVFtl3nj7iEf\/zYj40bjfSKtfJgEwODg4tVarPR4S7p2Jq0BKOQsA2NgTKPWz\/39vb++cLPo7ZhIAjPZisXiUZVkPZvwq4KOfr6ug6mHqyU\/Hep7Hz9zMUWYBoOQB9o45W8c1IrrE8zydi3VqTJdSfrrh4aMtC0NE3\/A8LzBtXmqTizhwpgGgrgKWnHVq4tcty5LlcpnVxW0jdfSzwkdXv2ejcm\/jSiqZpEwDQOkGOBFUWB6etr4KVMZSluZ1hTCJKLtH\/zgaMw8A9SrQlVAZX4vRNOq6n2uUnMENz+fYJXLaeVR0BQBUNA0ft5woKYhqRLQo7QKSpVKppApG6lLTPdvb2zs3i1L\/jszrCgCoq4CLNLGeXZfhY31vb++8tBg\/MDCwa09PDwNRF+PoW5a1pFwu81wzT10DAPUqCCvbzs1uQUTtyyHurkgpbwOAD4W8Sroq4UVXAUBV6xwO8bBlW\/sHPM\/ThaO3jAHbtk8QQnCSah2t7evrkytWrGhbZE\/LC9mhQ1cBgOdeLBbnWpbFIChoFv+KZVlzy+XyC0kZxP1VLh+u0jFNM96Y7\/vzTVbzMDH3sDG6DgDqKtDW7FOLfhARjzGQh9ByHOenRBRWqu3TiHhVGMOz9v+uBAAHlkgpWU28RMdQIcSFruty0sjYJKXkXINhRSkf6e\/v\/\/MMWScjr7dbAQCDg4P71Go1PpZ1dXTZYDQY91gulUqH+L7PaeB12j7W8s2NW5Qi8k6l1LBrAcD8cBznJCIKq6CxtlAoOK3mH4oqcCapEZzSnrY0bFcDQMkDumql48xouXK5lJKzc2rr83Rz0Mo4Y7oeAEpLyPZ4nXKGK4kdFzW3v5SSvZMfCDFFr8\/n88WhoSEuk9e11PUAYM5HVM++mM\/nB8LqBqmaR2sA4K2aXa35vn9Eu0vWp4GyCQEAZoxt25cJIS4PYdK9iPg+XZuQwo3jXSdMMqsJAwCVc+DhoPL14ztHRIFpWGzbPlcI8Y0QEK3s7+8\/shuffM3WNZEAAPPnz59Rr9e5vvBUzSZyrR\/puu5T27dROXzY0NOn6bupXq\/PGxkZ4XR3E4ImFADU0zBKfWEcHR09fDwfj3Lw4Krmg7pdNVXtLEvImXAAUPLA91SRiEBeE9GVnud9VrXXlrlTg9yBiKdnafNMzGVCAkClYmdJXldFjAM1WL9fjeBnsHFsbGxOmoUbTGxmnDEmJACYERHdysfv8v01zPOJ6J2e53GV0glHExYASh64gYjOT7hr1yMiG4QmJE1oACh9fhkA4lbdimVH6CakTGgAqFOgSESPhTiQNNuzqu\/7h5uqDppVUEx4ACgpf5kQ4soWNyFTcfwtzj1y850CAFG1hONcI6JHDzjggCMmirZPh4adBQDjWkJ2INFp+phXr9Xr9eJEy1YeBIKdBgDMACklu4tr07ELIc52XfeWyGdolzfcqQCg5IG7hBAnNds3IrrP87ylXb6nLU1\/pwPAwMDA9J6eHnYr328HTm2oVquDa9asebElDnZ5450OALxfyqH0agAYz9V3f61Wu2T16tUbu3w\/W57+HwDNQbMIqsoajAAAAABJRU5ErkJggg==\" alt=\"\"><\/span>\n                <h5 class=\"u-align-center u-custom-font u-font-arial u-text u-text-3\">\n                  <a class=\"u-active-none u-border-none u-btn u-button-link u-button-style u-hover-none u-none u-text-grey-80 u-btn-3\" href=\"https:\/\/www.google.com\/maps?ll=37.356473,27.277362&amp;z=10&amp;t=m&amp;hl=en-US&amp;gl=US&amp;mapclient=embed&amp;cid=1875134625299286967\">Adres<\/a>\n                <\/h5>\n                <p class=\"u-align-center u-text u-text-4\"> Alt\u0131nkum mahallesi. Karakol caddesi<br>5. Sokak No:1\/C Didim, Ayd\u0131n \n                <\/p>\n              <\/div>\n            <\/div>\n          <\/div>\n        <\/div>\n      <\/div>\n    <\/section>\n    <section class=\"u-clearfix u-container-align-center u-white u-section-3\" id=\"carousel_66b1\">\n      <div class=\"u-clearfix u-sheet u-sheet-1\">\n        <div class=\"custom-expanded data-layout-selected u-clearfix u-layout-wrap u-layout-wrap-1\">\n          <div class=\"u-gutter-0 u-layout\">\n            <div class=\"u-layout-row\">\n              <div class=\"u-container-style u-layout-cell u-radius u-size-30 u-white u-layout-cell-1\">\n                <div class=\"u-container-layout u-valign-middle u-container-layout-1\">\n                  <h5 class=\"u-custom-font u-font-open-sans u-text u-text-default u-text-1\">\u0130leti\u015fim<br>\n                  <\/h5>\n                  <p class=\"u-text u-text-default-lg u-text-default-md u-text-default-sm u-text-default-xl u-text-2\">E-posta yoluyla bize ula\u015f\u0131n.<\/p>\n                  <div class=\"u-expanded-width-sm u-expanded-width-xs u-form u-form-1\">\n                    <form action=\"https:\/\/forms.nicepagesrv.com\/v2\/form\/process\" class=\"u-clearfix u-form-spacing-20 u-form-vertical u-inner-form\" source=\"email\" name=\"form\" style=\"padding: 0px;\">\n                      <div class=\"u-form-group u-form-name u-form-partition-factor-2 u-label-none u-form-group-1\">\n                        <label for=\"name-5251\" class=\"u-label\">First Name<\/label>\n                        <input type=\"text\" placeholder=\"Ad\" id=\"name-5251\" name=\"name-1\" class=\"u-border-2 u-border-grey-5 u-input u-input-rectangle\" required=\"\">\n                      <\/div>\n                      <div class=\"u-form-group u-form-name u-form-partition-factor-2 u-label-none u-form-group-2\">\n                        <label for=\"name-5251\" class=\"u-label\">Last Name<\/label>\n                        <input type=\"text\" placeholder=\"Soyad\" id=\"name-5251\" name=\"name-2\" class=\"u-border-2 u-border-grey-5 u-input u-input-rectangle\" required=\"\">\n                      <\/div>\n                      <div class=\"u-form-email u-form-group u-label-none\">\n                        <label for=\"email-8a4b\" class=\"u-label\">Email<\/label>\n                        <input type=\"email\" placeholder=\"E-posta\" id=\"email-8a4b\" name=\"email\" class=\"u-border-2 u-border-grey-5 u-input u-input-rectangle\" required=\"\">\n                      <\/div>\n                      <div class=\"u-form-group u-form-message u-label-none\">\n                        <label for=\"message-8a4b\" class=\"u-label\">Message<\/label>\n                        <textarea placeholder=\"Mesaj\" rows=\"4\" cols=\"50\" id=\"message-8a4b\" name=\"message\" class=\"u-border-2 u-border-grey-5 u-input u-input-rectangle\" required=\"\"><\/textarea>\n                      <\/div>\n                      <div class=\"u-align-left u-form-group u-form-submit u-label-none\">\n                        <input type=\"submit\" value=\"submit\" class=\"u-form-control-hidden\">\n                        <a href=\"#\" class=\"u-border-none u-btn u-btn-submit u-button-style u-grey-80 u-text-body-alt-color u-btn-1\">G\u00f6nder<\/a>\n                      <\/div>\n                      <div class=\"u-form-send-message u-form-send-success\"> Thank you! Your message has been sent. <\/div>\n                      <div class=\"u-form-send-error u-form-send-message\"> Unable to send your message. Please fix errors then try again. <\/div>\n                      <input type=\"hidden\" value=\"\" name=\"recaptchaResponse\">\n                      <input type=\"hidden\" name=\"formServices\" value=\"c2249435-fcd9-8f54-ae9c-ec91d311bf3a\">\n                    <\/form>\n                  <\/div>\n                <\/div>\n              <\/div>\n              <div class=\"u-container-style u-layout-cell u-radius u-shape-round u-size-30 u-layout-cell-2\">\n                <div class=\"u-container-layout u-container-layout-2\">\n                  <div class=\"u-expanded-width u-grey-light-2 u-map u-map-1\">\n                    <div class=\"embed-responsive\">\n                      <iframe class=\"embed-responsive-item\" src=\"https:\/\/maps.google.com\/maps?output=embed&amp;q=Roses%20Lilies%20%C3%87i%C3%A7ek%C3%A7ilik%20%2F%20Didim%20%C3%A7i%C3%A7ek%C3%A7i%2C%20Alt%C4%B1nkum%2C%20Karakol%20Cd.%205.%20sok%20no%3A23%2C%2009270%20Didim%2FAyd%C4%B1n&amp;z=10&amp;t=m\" data-map=\"JTdCJTIycG9zaXRpb25UeXBlJTIyJTNBJTIybWFwLWFkZHJlc3MlMjIlMkMlMjJhZGRyZXNzJTIyJTNBJTIyUm9zZXMlMjBMaWxpZXMlMjAlQzMlODdpJUMzJUE3ZWslQzMlQTdpbGlrJTIwJTJGJTIwRGlkaW0lMjAlQzMlQTdpJUMzJUE3ZWslQzMlQTdpJTJDJTIwQWx0JUM0JUIxbmt1bSUyQyUyMEthcmFrb2wlMjBDZC4lMjA1LiUyMHNvayUyMG5vJTNBMjMlMkMlMjAwOTI3MCUyMERpZGltJTJGQXlkJUM0JUIxbiUyMiUyQyUyMnpvb20lMjIlM0ExMCUyQyUyMnR5cGVJZCUyMiUzQSUyMnJvYWQlMjIlMkMlMjJsYW5nJTIyJTNBbnVsbCUyQyUyMmFwaUtleSUyMiUzQW51bGwlMkMlMjJtYXJrZXJzJTIyJTNBJTVCJTVEJTdE\"><\/iframe>\n                    <\/div>\n                  <\/div>\n                <\/div>\n              <\/div>\n            <\/div>\n          <\/div>\n        <\/div>\n      <\/div>\n    <\/section>","protected":false},"excerpt":{"rendered":"<p>Telefon 0536 244 42 42 Adres Alt\u0131nkum mahallesi. Karakol caddesi5. Sokak No:1\/C Didim, Ayd\u0131n \u0130leti\u015fim E-posta yoluyla bize ula\u015f\u0131n. First Name Last Name Email Message G\u00f6nder Thank you! Your message has been sent. Unable to send your message. Please fix errors then try again.<\/p>","protected":false},"author":1,"featured_media":0,"parent":0,"menu_order":5,"comment_status":"closed","ping_status":"closed","template":"","meta":{"footnotes":""},"class_list":["post-308","page","type-page","status-publish","hentry"],"yoast_head":"<!-- This site is optimized with the Yoast SEO plugin v27.4 - https:\/\/yoast.com\/product\/yoast-seo-wordpress\/ -->\n<title>\u0130leti\u015fim - Didim \u00c7i\u00e7ekci Roses &amp; Lillies<\/title>\n<meta name=\"robots\" content=\"index, follow, max-snippet:-1, max-image-preview:large, max-video-preview:-1\" \/>\n<link rel=\"canonical\" href=\"https:\/\/didimcicekcisi.com\/en\/iletisim\/\" \/>\n<meta property=\"og:locale\" content=\"en_GB\" \/>\n<meta property=\"og:type\" content=\"article\" \/>\n<meta property=\"og:title\" content=\"\u0130leti\u015fim - Didim \u00c7i\u00e7ekci Roses &amp; Lillies\" \/>\n<meta property=\"og:description\" content=\"Telefon 0536 244 42 42 Adres Alt\u0131nkum mahallesi. Karakol caddesi5. Sokak No:1\/C Didim, Ayd\u0131n \u0130leti\u015fim E-posta yoluyla bize ula\u015f\u0131n. First Name Last Name Email Message G\u00f6nder Thank you! Your message has been sent. Unable to send your message. Please fix errors then try again.\" \/>\n<meta property=\"og:url\" content=\"https:\/\/didimcicekcisi.com\/en\/iletisim\/\" \/>\n<meta property=\"og:site_name\" content=\"Didim \u00c7i\u00e7ekci Roses &amp; Lillies\" \/>\n<meta property=\"article:modified_time\" content=\"2025-09-14T16:27:05+00:00\" \/>\n<meta name=\"twitter:card\" content=\"summary_large_image\" \/>\n<script type=\"application\/ld+json\" class=\"yoast-schema-graph\">{\"@context\":\"https:\\\/\\\/schema.org\",\"@graph\":[{\"@type\":\"WebPage\",\"@id\":\"https:\\\/\\\/didimcicekcisi.com\\\/iletisim\\\/\",\"url\":\"https:\\\/\\\/didimcicekcisi.com\\\/iletisim\\\/\",\"name\":\"\u0130leti\u015fim - Didim \u00c7i\u00e7ekci Roses &amp; Lillies\",\"isPartOf\":{\"@id\":\"https:\\\/\\\/didimcicekcisi.com\\\/#website\"},\"datePublished\":\"2024-09-15T07:05:23+00:00\",\"dateModified\":\"2025-09-14T16:27:05+00:00\",\"breadcrumb\":{\"@id\":\"https:\\\/\\\/didimcicekcisi.com\\\/iletisim\\\/#breadcrumb\"},\"inLanguage\":\"en-GB\",\"potentialAction\":[{\"@type\":\"ReadAction\",\"target\":[\"https:\\\/\\\/didimcicekcisi.com\\\/iletisim\\\/\"]}]},{\"@type\":\"BreadcrumbList\",\"@id\":\"https:\\\/\\\/didimcicekcisi.com\\\/iletisim\\\/#breadcrumb\",\"itemListElement\":[{\"@type\":\"ListItem\",\"position\":1,\"name\":\"Anasayfa\",\"item\":\"https:\\\/\\\/didimcicekcisi.com\\\/\"},{\"@type\":\"ListItem\",\"position\":2,\"name\":\"\u0130leti\u015fim\"}]},{\"@type\":\"WebSite\",\"@id\":\"https:\\\/\\\/didimcicekcisi.com\\\/#website\",\"url\":\"https:\\\/\\\/didimcicekcisi.com\\\/\",\"name\":\"Didim \u00c7i\u00e7ekcisi Roses & Lillies\",\"description\":\"Didim \u00c7i\u00e7ekci Roses &amp; Lillies\",\"publisher\":{\"@id\":\"https:\\\/\\\/didimcicekcisi.com\\\/#organization\"},\"alternateName\":\"Didim \u00c7i\u00e7ekcisi Roses & Lillies\",\"potentialAction\":[{\"@type\":\"SearchAction\",\"target\":{\"@type\":\"EntryPoint\",\"urlTemplate\":\"https:\\\/\\\/didimcicekcisi.com\\\/?s={search_term_string}\"},\"query-input\":{\"@type\":\"PropertyValueSpecification\",\"valueRequired\":true,\"valueName\":\"search_term_string\"}}],\"inLanguage\":\"en-GB\"},{\"@type\":\"Organization\",\"@id\":\"https:\\\/\\\/didimcicekcisi.com\\\/#organization\",\"name\":\"Roses & Lillies\",\"alternateName\":\"Didim \u00c7i\u00e7ekcisi\",\"url\":\"https:\\\/\\\/didimcicekcisi.com\\\/\",\"logo\":{\"@type\":\"ImageObject\",\"inLanguage\":\"en-GB\",\"@id\":\"https:\\\/\\\/didimcicekcisi.com\\\/#\\\/schema\\\/logo\\\/image\\\/\",\"url\":\"https:\\\/\\\/didimcicekcisi.com\\\/wp-content\\\/uploads\\\/2024\\\/09\\\/90f04c54-c530-4ecb-91b3-9f6a335d351b2-1.jpg\",\"contentUrl\":\"https:\\\/\\\/didimcicekcisi.com\\\/wp-content\\\/uploads\\\/2024\\\/09\\\/90f04c54-c530-4ecb-91b3-9f6a335d351b2-1.jpg\",\"width\":500,\"height\":500,\"caption\":\"Roses & Lillies\"},\"image\":{\"@id\":\"https:\\\/\\\/didimcicekcisi.com\\\/#\\\/schema\\\/logo\\\/image\\\/\"}}]}<\/script>\n<!-- \/ Yoast SEO plugin. -->","yoast_head_json":{"title":"\u0130leti\u015fim - Didim \u00c7i\u00e7ekci Roses &amp; Lillies","robots":{"index":"index","follow":"follow","max-snippet":"max-snippet:-1","max-image-preview":"max-image-preview:large","max-video-preview":"max-video-preview:-1"},"canonical":"https:\/\/didimcicekcisi.com\/en\/iletisim\/","og_locale":"en_GB","og_type":"article","og_title":"\u0130leti\u015fim - Didim \u00c7i\u00e7ekci Roses &amp; Lillies","og_description":"Telefon 0536 244 42 42 Adres Alt\u0131nkum mahallesi. Karakol caddesi5. Sokak No:1\/C Didim, Ayd\u0131n \u0130leti\u015fim E-posta yoluyla bize ula\u015f\u0131n. First Name Last Name Email Message G\u00f6nder Thank you! Your message has been sent. Unable to send your message. Please fix errors then try again.","og_url":"https:\/\/didimcicekcisi.com\/en\/iletisim\/","og_site_name":"Didim \u00c7i\u00e7ekci Roses &amp; Lillies","article_modified_time":"2025-09-14T16:27:05+00:00","twitter_card":"summary_large_image","schema":{"@context":"https:\/\/schema.org","@graph":[{"@type":"WebPage","@id":"https:\/\/didimcicekcisi.com\/iletisim\/","url":"https:\/\/didimcicekcisi.com\/iletisim\/","name":"\u0130leti\u015fim - Didim \u00c7i\u00e7ekci Roses &amp; Lillies","isPartOf":{"@id":"https:\/\/didimcicekcisi.com\/#website"},"datePublished":"2024-09-15T07:05:23+00:00","dateModified":"2025-09-14T16:27:05+00:00","breadcrumb":{"@id":"https:\/\/didimcicekcisi.com\/iletisim\/#breadcrumb"},"inLanguage":"en-GB","potentialAction":[{"@type":"ReadAction","target":["https:\/\/didimcicekcisi.com\/iletisim\/"]}]},{"@type":"BreadcrumbList","@id":"https:\/\/didimcicekcisi.com\/iletisim\/#breadcrumb","itemListElement":[{"@type":"ListItem","position":1,"name":"Anasayfa","item":"https:\/\/didimcicekcisi.com\/"},{"@type":"ListItem","position":2,"name":"\u0130leti\u015fim"}]},{"@type":"WebSite","@id":"https:\/\/didimcicekcisi.com\/#website","url":"https:\/\/didimcicekcisi.com\/","name":"Didim \u00c7i\u00e7ekcisi Roses & Lillies","description":"Didim \u00c7i\u00e7ekci Roses &amp; Lillies","publisher":{"@id":"https:\/\/didimcicekcisi.com\/#organization"},"alternateName":"Didim \u00c7i\u00e7ekcisi Roses & Lillies","potentialAction":[{"@type":"SearchAction","target":{"@type":"EntryPoint","urlTemplate":"https:\/\/didimcicekcisi.com\/?s={search_term_string}"},"query-input":{"@type":"PropertyValueSpecification","valueRequired":true,"valueName":"search_term_string"}}],"inLanguage":"en-GB"},{"@type":"Organization","@id":"https:\/\/didimcicekcisi.com\/#organization","name":"Roses & Lillies","alternateName":"Didim \u00c7i\u00e7ekcisi","url":"https:\/\/didimcicekcisi.com\/","logo":{"@type":"ImageObject","inLanguage":"en-GB","@id":"https:\/\/didimcicekcisi.com\/#\/schema\/logo\/image\/","url":"https:\/\/didimcicekcisi.com\/wp-content\/uploads\/2024\/09\/90f04c54-c530-4ecb-91b3-9f6a335d351b2-1.jpg","contentUrl":"https:\/\/didimcicekcisi.com\/wp-content\/uploads\/2024\/09\/90f04c54-c530-4ecb-91b3-9f6a335d351b2-1.jpg","width":500,"height":500,"caption":"Roses & Lillies"},"image":{"@id":"https:\/\/didimcicekcisi.com\/#\/schema\/logo\/image\/"}}]}},"_links":{"self":[{"href":"https:\/\/didimcicekcisi.com\/en\/wp-json\/wp\/v2\/pages\/308","targetHints":{"allow":["GET"]}}],"collection":[{"href":"https:\/\/didimcicekcisi.com\/en\/wp-json\/wp\/v2\/pages"}],"about":[{"href":"https:\/\/didimcicekcisi.com\/en\/wp-json\/wp\/v2\/types\/page"}],"author":[{"embeddable":true,"href":"https:\/\/didimcicekcisi.com\/en\/wp-json\/wp\/v2\/users\/1"}],"replies":[{"embeddable":true,"href":"https:\/\/didimcicekcisi.com\/en\/wp-json\/wp\/v2\/comments?post=308"}],"version-history":[{"count":9,"href":"https:\/\/didimcicekcisi.com\/en\/wp-json\/wp\/v2\/pages\/308\/revisions"}],"predecessor-version":[{"id":903,"href":"https:\/\/didimcicekcisi.com\/en\/wp-json\/wp\/v2\/pages\/308\/revisions\/903"}],"wp:attachment":[{"href":"https:\/\/didimcicekcisi.com\/en\/wp-json\/wp\/v2\/media?parent=308"}],"curies":[{"name":"wp","href":"https:\/\/api.w.org\/{rel}","templated":true}]}}