{"id":306,"date":"2024-09-15T07:05:21","date_gmt":"2024-09-15T07:05:21","guid":{"rendered":"https:\/\/didimcicekcisi.com\/kisiye-ozel-hediye\/"},"modified":"2024-09-19T20:55:27","modified_gmt":"2024-09-19T20:55:27","slug":"kisiye-ozel-hediye","status":"publish","type":"page","link":"https:\/\/didimcicekcisi.com\/en\/kisiye-ozel-hediye\/","title":{"rendered":"Ki\u015fiye \u00d6zel Hediye"},"content":{"rendered":"<section class=\"u-align-center u-clearfix u-container-align-center u-section-2\" id=\"sec-8485\">\n      \n      \n      \n      \n      \n      \n      \n      \n      \n      \n      \n      \n      \n      \n      \n      \n      \n      \n      \n      <div class=\"u-clearfix u-sheet u-sheet-1\">\n        <h2 class=\"u-align-left u-custom-font u-font-oswald u-text u-text-grey-80 u-text-1\">K\u0130\u015e\u0130YE \u00d6ZEL HED\u0130YELER <\/h2>\n        <p class=\"u-align-left u-custom-font u-font-arial u-text u-text-grey-80 u-text-2\"> Ki\u015fiye \u00f6zel hediyeler koleksiyonumuz ile sevdiklerinizi mutlu edecek dokunu\u015flar yap\u0131n.<br>\n        <\/p>\n      <\/div>\n      \n      \n      \n      \n      \n      \n      \n      \n      \n      \n      \n    <\/section>","protected":false},"excerpt":{"rendered":"<p>K\u0130\u015e\u0130YE \u00d6ZEL HED\u0130YELER Ki\u015fiye \u00f6zel hediyeler koleksiyonumuz ile sevdiklerinizi mutlu edecek dokunu\u015flar yap\u0131n.<\/p>","protected":false},"author":1,"featured_media":0,"parent":0,"menu_order":3,"comment_status":"closed","ping_status":"closed","template":"","meta":{"footnotes":""},"class_list":["post-306","page","type-page","status-publish","hentry"],"yoast_head":"<!-- This site is optimized with the Yoast SEO plugin v27.5 - https:\/\/yoast.com\/product\/yoast-seo-wordpress\/ -->\n<title>Ki\u015fiye \u00d6zel Hediye - Didim \u00c7i\u00e7ekci Roses &amp; Lillies<\/title>\n<meta name=\"robots\" content=\"index, follow, max-snippet:-1, max-image-preview:large, max-video-preview:-1\" \/>\n<link rel=\"canonical\" href=\"https:\/\/didimcicekcisi.com\/en\/kisiye-ozel-hediye\/\" \/>\n<meta property=\"og:locale\" content=\"en_GB\" \/>\n<meta property=\"og:type\" content=\"article\" \/>\n<meta property=\"og:title\" content=\"Ki\u015fiye \u00d6zel Hediye - Didim \u00c7i\u00e7ekci Roses &amp; Lillies\" \/>\n<meta property=\"og:description\" content=\"K\u0130\u015e\u0130YE \u00d6ZEL HED\u0130YELER Ki\u015fiye \u00f6zel hediyeler koleksiyonumuz ile sevdiklerinizi mutlu edecek dokunu\u015flar yap\u0131n.\" \/>\n<meta property=\"og:url\" content=\"https:\/\/didimcicekcisi.com\/en\/kisiye-ozel-hediye\/\" \/>\n<meta property=\"og:site_name\" content=\"Didim \u00c7i\u00e7ekci Roses &amp; Lillies\" \/>\n<meta property=\"article:modified_time\" content=\"2024-09-19T20:55:27+00:00\" \/>\n<meta name=\"twitter:card\" content=\"summary_large_image\" \/>\n<script type=\"application\/ld+json\" class=\"yoast-schema-graph\">{\"@context\":\"https:\\\/\\\/schema.org\",\"@graph\":[{\"@type\":\"WebPage\",\"@id\":\"https:\\\/\\\/didimcicekcisi.com\\\/kisiye-ozel-hediye\\\/\",\"url\":\"https:\\\/\\\/didimcicekcisi.com\\\/kisiye-ozel-hediye\\\/\",\"name\":\"Ki\u015fiye \u00d6zel Hediye - Didim \u00c7i\u00e7ekci Roses &amp; Lillies\",\"isPartOf\":{\"@id\":\"https:\\\/\\\/didimcicekcisi.com\\\/#website\"},\"datePublished\":\"2024-09-15T07:05:21+00:00\",\"dateModified\":\"2024-09-19T20:55:27+00:00\",\"breadcrumb\":{\"@id\":\"https:\\\/\\\/didimcicekcisi.com\\\/kisiye-ozel-hediye\\\/#breadcrumb\"},\"inLanguage\":\"en-GB\",\"potentialAction\":[{\"@type\":\"ReadAction\",\"target\":[\"https:\\\/\\\/didimcicekcisi.com\\\/kisiye-ozel-hediye\\\/\"]}]},{\"@type\":\"BreadcrumbList\",\"@id\":\"https:\\\/\\\/didimcicekcisi.com\\\/kisiye-ozel-hediye\\\/#breadcrumb\",\"itemListElement\":[{\"@type\":\"ListItem\",\"position\":1,\"name\":\"Anasayfa\",\"item\":\"https:\\\/\\\/didimcicekcisi.com\\\/\"},{\"@type\":\"ListItem\",\"position\":2,\"name\":\"Ki\u015fiye \u00d6zel Hediye\"}]},{\"@type\":\"WebSite\",\"@id\":\"https:\\\/\\\/didimcicekcisi.com\\\/#website\",\"url\":\"https:\\\/\\\/didimcicekcisi.com\\\/\",\"name\":\"Didim \u00c7i\u00e7ekcisi Roses & Lillies\",\"description\":\"Didim \u00c7i\u00e7ekci Roses &amp; Lillies\",\"publisher\":{\"@id\":\"https:\\\/\\\/didimcicekcisi.com\\\/#organization\"},\"alternateName\":\"Didim \u00c7i\u00e7ekcisi Roses & Lillies\",\"potentialAction\":[{\"@type\":\"SearchAction\",\"target\":{\"@type\":\"EntryPoint\",\"urlTemplate\":\"https:\\\/\\\/didimcicekcisi.com\\\/?s={search_term_string}\"},\"query-input\":{\"@type\":\"PropertyValueSpecification\",\"valueRequired\":true,\"valueName\":\"search_term_string\"}}],\"inLanguage\":\"en-GB\"},{\"@type\":\"Organization\",\"@id\":\"https:\\\/\\\/didimcicekcisi.com\\\/#organization\",\"name\":\"Roses & Lillies\",\"alternateName\":\"Didim \u00c7i\u00e7ekcisi\",\"url\":\"https:\\\/\\\/didimcicekcisi.com\\\/\",\"logo\":{\"@type\":\"ImageObject\",\"inLanguage\":\"en-GB\",\"@id\":\"https:\\\/\\\/didimcicekcisi.com\\\/#\\\/schema\\\/logo\\\/image\\\/\",\"url\":\"https:\\\/\\\/didimcicekcisi.com\\\/wp-content\\\/uploads\\\/2024\\\/09\\\/90f04c54-c530-4ecb-91b3-9f6a335d351b2-1.jpg\",\"contentUrl\":\"https:\\\/\\\/didimcicekcisi.com\\\/wp-content\\\/uploads\\\/2024\\\/09\\\/90f04c54-c530-4ecb-91b3-9f6a335d351b2-1.jpg\",\"width\":500,\"height\":500,\"caption\":\"Roses & Lillies\"},\"image\":{\"@id\":\"https:\\\/\\\/didimcicekcisi.com\\\/#\\\/schema\\\/logo\\\/image\\\/\"}}]}<\/script>\n<!-- \/ Yoast SEO plugin. -->","yoast_head_json":{"title":"Ki\u015fiye \u00d6zel Hediye - Didim \u00c7i\u00e7ekci Roses &amp; Lillies","robots":{"index":"index","follow":"follow","max-snippet":"max-snippet:-1","max-image-preview":"max-image-preview:large","max-video-preview":"max-video-preview:-1"},"canonical":"https:\/\/didimcicekcisi.com\/en\/kisiye-ozel-hediye\/","og_locale":"en_GB","og_type":"article","og_title":"Ki\u015fiye \u00d6zel Hediye - Didim \u00c7i\u00e7ekci Roses &amp; Lillies","og_description":"K\u0130\u015e\u0130YE \u00d6ZEL HED\u0130YELER Ki\u015fiye \u00f6zel hediyeler koleksiyonumuz ile sevdiklerinizi mutlu edecek dokunu\u015flar yap\u0131n.","og_url":"https:\/\/didimcicekcisi.com\/en\/kisiye-ozel-hediye\/","og_site_name":"Didim \u00c7i\u00e7ekci Roses &amp; Lillies","article_modified_time":"2024-09-19T20:55:27+00:00","twitter_card":"summary_large_image","schema":{"@context":"https:\/\/schema.org","@graph":[{"@type":"WebPage","@id":"https:\/\/didimcicekcisi.com\/kisiye-ozel-hediye\/","url":"https:\/\/didimcicekcisi.com\/kisiye-ozel-hediye\/","name":"Ki\u015fiye \u00d6zel Hediye - Didim \u00c7i\u00e7ekci Roses &amp; Lillies","isPartOf":{"@id":"https:\/\/didimcicekcisi.com\/#website"},"datePublished":"2024-09-15T07:05:21+00:00","dateModified":"2024-09-19T20:55:27+00:00","breadcrumb":{"@id":"https:\/\/didimcicekcisi.com\/kisiye-ozel-hediye\/#breadcrumb"},"inLanguage":"en-GB","potentialAction":[{"@type":"ReadAction","target":["https:\/\/didimcicekcisi.com\/kisiye-ozel-hediye\/"]}]},{"@type":"BreadcrumbList","@id":"https:\/\/didimcicekcisi.com\/kisiye-ozel-hediye\/#breadcrumb","itemListElement":[{"@type":"ListItem","position":1,"name":"Anasayfa","item":"https:\/\/didimcicekcisi.com\/"},{"@type":"ListItem","position":2,"name":"Ki\u015fiye \u00d6zel Hediye"}]},{"@type":"WebSite","@id":"https:\/\/didimcicekcisi.com\/#website","url":"https:\/\/didimcicekcisi.com\/","name":"Didim \u00c7i\u00e7ekcisi Roses & Lillies","description":"Didim \u00c7i\u00e7ekci Roses &amp; Lillies","publisher":{"@id":"https:\/\/didimcicekcisi.com\/#organization"},"alternateName":"Didim \u00c7i\u00e7ekcisi Roses & Lillies","potentialAction":[{"@type":"SearchAction","target":{"@type":"EntryPoint","urlTemplate":"https:\/\/didimcicekcisi.com\/?s={search_term_string}"},"query-input":{"@type":"PropertyValueSpecification","valueRequired":true,"valueName":"search_term_string"}}],"inLanguage":"en-GB"},{"@type":"Organization","@id":"https:\/\/didimcicekcisi.com\/#organization","name":"Roses & Lillies","alternateName":"Didim \u00c7i\u00e7ekcisi","url":"https:\/\/didimcicekcisi.com\/","logo":{"@type":"ImageObject","inLanguage":"en-GB","@id":"https:\/\/didimcicekcisi.com\/#\/schema\/logo\/image\/","url":"https:\/\/didimcicekcisi.com\/wp-content\/uploads\/2024\/09\/90f04c54-c530-4ecb-91b3-9f6a335d351b2-1.jpg","contentUrl":"https:\/\/didimcicekcisi.com\/wp-content\/uploads\/2024\/09\/90f04c54-c530-4ecb-91b3-9f6a335d351b2-1.jpg","width":500,"height":500,"caption":"Roses & Lillies"},"image":{"@id":"https:\/\/didimcicekcisi.com\/#\/schema\/logo\/image\/"}}]}},"_links":{"self":[{"href":"https:\/\/didimcicekcisi.com\/en\/wp-json\/wp\/v2\/pages\/306","targetHints":{"allow":["GET"]}}],"collection":[{"href":"https:\/\/didimcicekcisi.com\/en\/wp-json\/wp\/v2\/pages"}],"about":[{"href":"https:\/\/didimcicekcisi.com\/en\/wp-json\/wp\/v2\/types\/page"}],"author":[{"embeddable":true,"href":"https:\/\/didimcicekcisi.com\/en\/wp-json\/wp\/v2\/users\/1"}],"replies":[{"embeddable":true,"href":"https:\/\/didimcicekcisi.com\/en\/wp-json\/wp\/v2\/comments?post=306"}],"version-history":[{"count":4,"href":"https:\/\/didimcicekcisi.com\/en\/wp-json\/wp\/v2\/pages\/306\/revisions"}],"predecessor-version":[{"id":469,"href":"https:\/\/didimcicekcisi.com\/en\/wp-json\/wp\/v2\/pages\/306\/revisions\/469"}],"wp:attachment":[{"href":"https:\/\/didimcicekcisi.com\/en\/wp-json\/wp\/v2\/media?parent=306"}],"curies":[{"name":"wp","href":"https:\/\/api.w.org\/{rel}","templated":true}]}}